{"id":226698,"date":"2022-12-09T13:41:47","date_gmt":"2022-12-09T12:41:47","guid":{"rendered":"https:\/\/c2c.ngo\/dominik-markward\/"},"modified":"2023-07-27T16:20:39","modified_gmt":"2023-07-27T14:20:39","slug":"dominik-markward","status":"publish","type":"page","link":"https:\/\/c2c.ngo\/en\/dominik-markward\/","title":{"rendered":"Dominik Markward"},"content":{"rendered":"\t\t<div data-elementor-type=\"wp-page\" data-elementor-id=\"226698\" class=\"elementor elementor-226698 elementor-224877\" data-elementor-post-type=\"page\">\n\t\t\t\t\t\t<section class=\"elementor-section elementor-top-section elementor-element elementor-element-d555219 elementor-section-boxed elementor-section-height-default elementor-section-height-default\" data-id=\"d555219\" data-element_type=\"section\" data-e-type=\"section\" data-settings=\"{&quot;background_background&quot;:&quot;classic&quot;}\">\n\t\t\t\t\t\t<div class=\"elementor-container elementor-column-gap-default\">\n\t\t\t\t\t<div class=\"elementor-column elementor-col-100 elementor-top-column elementor-element elementor-element-265bb24\" data-id=\"265bb24\" data-element_type=\"column\" data-e-type=\"column\">\n\t\t\t<div class=\"elementor-widget-wrap\">\n\t\t\t\t\t\t\t<\/div>\n\t\t<\/div>\n\t\t\t\t\t<\/div>\n\t\t<\/section>\n\t\t\t\t<section class=\"elementor-section elementor-top-section elementor-element elementor-element-45f7c0a elementor-section-boxed elementor-section-height-default elementor-section-height-default\" data-id=\"45f7c0a\" data-element_type=\"section\" data-e-type=\"section\">\n\t\t\t\t\t\t<div class=\"elementor-container elementor-column-gap-default\">\n\t\t\t\t\t<div class=\"elementor-column elementor-col-100 elementor-top-column elementor-element elementor-element-9152fa4\" data-id=\"9152fa4\" data-element_type=\"column\" data-e-type=\"column\">\n\t\t\t<div class=\"elementor-widget-wrap elementor-element-populated\">\n\t\t\t\t\t\t<div class=\"elementor-element elementor-element-b012ada elementor-widget elementor-widget-image\" data-id=\"b012ada\" data-element_type=\"widget\" data-e-type=\"widget\" data-widget_type=\"image.default\">\n\t\t\t\t<div class=\"elementor-widget-container\">\n\t\t\t\t\t\t\t\t\t\t\t\t\t\t\t\t<a href=\"https:\/\/c2c.ngo\/en\/\" target=\"_blank\">\n\t\t\t\t\t\t\t<img decoding=\"async\" width=\"300\" height=\"134\" src=\"https:\/\/c2c.ngo\/wp-content\/uploads\/2020\/11\/C2C-NGO-LOGO-zentriert_web_klein-300x134.png\" class=\"attachment-medium size-medium wp-image-214119\" alt=\"Logo t\u00fcrkis rot, C2C Cradle to Cradle NGO\" srcset=\"https:\/\/c2c.ngo\/wp-content\/uploads\/2020\/11\/C2C-NGO-LOGO-zentriert_web_klein-300x134.png 300w, https:\/\/c2c.ngo\/wp-content\/uploads\/2020\/11\/C2C-NGO-LOGO-zentriert_web_klein.png 354w\" sizes=\"(max-width: 300px) 100vw, 300px\" \/>\t\t\t\t\t\t\t\t<\/a>\n\t\t\t\t\t\t\t\t\t\t\t\t\t\t\t<\/div>\n\t\t\t\t<\/div>\n\t\t\t\t\t<\/div>\n\t\t<\/div>\n\t\t\t\t\t<\/div>\n\t\t<\/section>\n\t\t\t\t<section class=\"elementor-section elementor-top-section elementor-element elementor-element-2cfc27e elementor-section-boxed elementor-section-height-default elementor-section-height-default\" data-id=\"2cfc27e\" data-element_type=\"section\" data-e-type=\"section\">\n\t\t\t\t\t\t<div class=\"elementor-container elementor-column-gap-default\">\n\t\t\t\t\t<div class=\"elementor-column elementor-col-100 elementor-top-column elementor-element elementor-element-57f1442\" data-id=\"57f1442\" data-element_type=\"column\" data-e-type=\"column\">\n\t\t\t<div class=\"elementor-widget-wrap elementor-element-populated\">\n\t\t\t\t\t\t<section class=\"elementor-section elementor-inner-section elementor-element elementor-element-8576bac elementor-section-height-min-height elementor-section-boxed elementor-section-height-default\" data-id=\"8576bac\" data-element_type=\"section\" data-e-type=\"section\">\n\t\t\t\t\t\t<div class=\"elementor-container elementor-column-gap-default\">\n\t\t\t\t\t<div class=\"elementor-column elementor-col-25 elementor-inner-column elementor-element elementor-element-120cca7 elementor-hidden-mobile\" data-id=\"120cca7\" data-element_type=\"column\" data-e-type=\"column\">\n\t\t\t<div class=\"elementor-widget-wrap\">\n\t\t\t\t\t\t\t<\/div>\n\t\t<\/div>\n\t\t\t\t<div class=\"elementor-column elementor-col-25 elementor-inner-column elementor-element elementor-element-ea6c250\" data-id=\"ea6c250\" data-element_type=\"column\" data-e-type=\"column\">\n\t\t\t<div class=\"elementor-widget-wrap elementor-element-populated\">\n\t\t\t\t\t\t<div class=\"elementor-element elementor-element-0368e55 elementor-widget elementor-widget-image\" data-id=\"0368e55\" data-element_type=\"widget\" data-e-type=\"widget\" data-widget_type=\"image.default\">\n\t\t\t\t<div class=\"elementor-widget-container\">\n\t\t\t\t\t\t\t\t\t\t\t\t\t\t\t<img fetchpriority=\"high\" decoding=\"async\" width=\"800\" height=\"800\" src=\"https:\/\/c2c.ngo\/wp-content\/uploads\/2023\/01\/Dominik_Markward_rund_web.png\" class=\"attachment-large size-large wp-image-226201\" alt=\"Person m\u00e4nnlich gelesen, Portrait, wei\u00df, dunkle Haare, lachend, gr\u00fcner Hintergrund, beiges Hemd\" srcset=\"https:\/\/c2c.ngo\/wp-content\/uploads\/2023\/01\/Dominik_Markward_rund_web.png 1000w, https:\/\/c2c.ngo\/wp-content\/uploads\/2023\/01\/Dominik_Markward_rund_web-300x300.png 300w, https:\/\/c2c.ngo\/wp-content\/uploads\/2023\/01\/Dominik_Markward_rund_web-150x150.png 150w, https:\/\/c2c.ngo\/wp-content\/uploads\/2023\/01\/Dominik_Markward_rund_web-768x768.png 768w, https:\/\/c2c.ngo\/wp-content\/uploads\/2023\/01\/Dominik_Markward_rund_web-500x500.png 500w\" sizes=\"(max-width: 800px) 100vw, 800px\" \/>\t\t\t\t\t\t\t\t\t\t\t\t\t\t\t<\/div>\n\t\t\t\t<\/div>\n\t\t\t\t\t<\/div>\n\t\t<\/div>\n\t\t\t\t<div class=\"elementor-column elementor-col-25 elementor-inner-column elementor-element elementor-element-2050ace\" data-id=\"2050ace\" data-element_type=\"column\" data-e-type=\"column\" data-settings=\"{&quot;background_background&quot;:&quot;classic&quot;}\">\n\t\t\t<div class=\"elementor-widget-wrap elementor-element-populated\">\n\t\t\t\t\t\t<div class=\"elementor-element elementor-element-774eb0f elementor-widget elementor-widget-text-editor\" data-id=\"774eb0f\" data-element_type=\"widget\" data-e-type=\"widget\" data-widget_type=\"text-editor.default\">\n\t\t\t\t<div class=\"elementor-widget-container\">\n\t\t\t\t\t\t\t\t\t<p><strong>Dominik Markward<br><\/strong>Strategische Partnerschaften \/\/ Strategic Partnerships&nbsp;<\/p><p><br><\/p>\n<p><\/p>\n<p>dominik.markward[at]c2c.ngo<br>+49 (0) 30 4677 4780<\/p><p><br><\/p>\n<p><\/p>\n<p><strong>Cradle to Cradle NGO<\/strong><br>Head Office<br>Landsberger Allee 99c<br>10407 Berlin<\/p>\t\t\t\t\t\t\t\t<\/div>\n\t\t\t\t<\/div>\n\t\t\t\t<div class=\"elementor-element elementor-element-c20d208 elementor-widget elementor-widget-button\" data-id=\"c20d208\" data-element_type=\"widget\" data-e-type=\"widget\" data-widget_type=\"button.default\">\n\t\t\t\t<div class=\"elementor-widget-container\">\n\t\t\t\t\t\t\t\t\t<div class=\"elementor-button-wrapper\">\n\t\t\t\t\t<a class=\"elementor-button elementor-button-link elementor-size-sm\" href=\"https:\/\/c2c.ngo\/wp-content\/uploads\/2022\/12\/Dominik-Markward-.vcf\">\n\t\t\t\t\t\t<span class=\"elementor-button-content-wrapper\">\n\t\t\t\t\t\t\t\t\t<span class=\"elementor-button-text\">Download vCard<\/span>\n\t\t\t\t\t<\/span>\n\t\t\t\t\t<\/a>\n\t\t\t\t<\/div>\n\t\t\t\t\t\t\t\t<\/div>\n\t\t\t\t<\/div>\n\t\t\t\t\t<\/div>\n\t\t<\/div>\n\t\t\t\t<div class=\"elementor-column elementor-col-25 elementor-inner-column elementor-element elementor-element-5e209fe\" data-id=\"5e209fe\" data-element_type=\"column\" data-e-type=\"column\" data-settings=\"{&quot;background_background&quot;:&quot;classic&quot;}\">\n\t\t\t<div class=\"elementor-widget-wrap\">\n\t\t\t\t\t\t\t<\/div>\n\t\t<\/div>\n\t\t\t\t\t<\/div>\n\t\t<\/section>\n\t\t\t\t\t<\/div>\n\t\t<\/div>\n\t\t\t\t\t<\/div>\n\t\t<\/section>\n\t\t\t\t<\/div>\n\t\t","protected":false},"excerpt":{"rendered":"<p>Dominik MarkwardStrategische Partnerschaften \/\/ Strategic Partnerships&nbsp; dominik.markward[at]c2c.ngo+49 (0) 30 4677 4780 Cradle to Cradle NGOHead OfficeLandsberger Allee 99c10407 Berlin Download vCard<\/p>\n","protected":false},"author":4,"featured_media":214787,"parent":0,"menu_order":0,"comment_status":"closed","ping_status":"closed","template":"elementor_canvas","meta":{"footnotes":""},"class_list":["post-226698","page","type-page","status-publish","has-post-thumbnail","hentry"],"yoast_head":"<!-- This site is optimized with the Yoast SEO plugin v27.3 - https:\/\/yoast.com\/product\/yoast-seo-wordpress\/ -->\n<title>Dominik Markward - Cradle to Cradle NGO<\/title>\n<meta name=\"description\" content=\"Here you can find my contact details. I look forward to hearing from you!\" \/>\n<meta name=\"robots\" content=\"index, follow, max-snippet:-1, max-image-preview:large, max-video-preview:-1\" \/>\n<link rel=\"canonical\" href=\"https:\/\/c2c.ngo\/en\/dominik-markward\/\" \/>\n<meta property=\"og:locale\" content=\"en_US\" \/>\n<meta property=\"og:type\" content=\"article\" \/>\n<meta property=\"og:title\" content=\"Dominik Markward - Cradle to Cradle NGO\" \/>\n<meta property=\"og:description\" content=\"Here you can find my contact details. I look forward to hearing from you!\" \/>\n<meta property=\"og:url\" content=\"https:\/\/c2c.ngo\/en\/dominik-markward\/\" \/>\n<meta property=\"og:site_name\" content=\"Cradle to Cradle NGO\" \/>\n<meta property=\"article:publisher\" content=\"https:\/\/www.facebook.com\/C2C.eV\" \/>\n<meta property=\"article:modified_time\" content=\"2023-07-27T14:20:39+00:00\" \/>\n<meta property=\"og:image\" content=\"https:\/\/c2c.ngo\/wp-content\/uploads\/2021\/07\/ImpactPartner-10.png\" \/>\n\t<meta property=\"og:image:width\" content=\"171\" \/>\n\t<meta property=\"og:image:height\" content=\"171\" \/>\n\t<meta property=\"og:image:type\" content=\"image\/png\" \/>\n<meta name=\"twitter:card\" content=\"summary_large_image\" \/>\n<meta name=\"twitter:site\" content=\"@C2C_NGO\" \/>\n<script type=\"application\/ld+json\" class=\"yoast-schema-graph\">{\"@context\":\"https:\\\/\\\/schema.org\",\"@graph\":[{\"@type\":\"WebPage\",\"@id\":\"https:\\\/\\\/c2c.ngo\\\/en\\\/dominik-markward\\\/\",\"url\":\"https:\\\/\\\/c2c.ngo\\\/en\\\/dominik-markward\\\/\",\"name\":\"Dominik Markward - Cradle to Cradle NGO\",\"isPartOf\":{\"@id\":\"https:\\\/\\\/c2c.ngo\\\/en\\\/#website\"},\"primaryImageOfPage\":{\"@id\":\"https:\\\/\\\/c2c.ngo\\\/en\\\/dominik-markward\\\/#primaryimage\"},\"image\":{\"@id\":\"https:\\\/\\\/c2c.ngo\\\/en\\\/dominik-markward\\\/#primaryimage\"},\"thumbnailUrl\":\"https:\\\/\\\/c2c.ngo\\\/wp-content\\\/uploads\\\/2021\\\/07\\\/ImpactPartner-10.png\",\"datePublished\":\"2022-12-09T12:41:47+00:00\",\"dateModified\":\"2023-07-27T14:20:39+00:00\",\"description\":\"Here you can find my contact details. I look forward to hearing from you!\",\"breadcrumb\":{\"@id\":\"https:\\\/\\\/c2c.ngo\\\/en\\\/dominik-markward\\\/#breadcrumb\"},\"inLanguage\":\"en-US\",\"potentialAction\":[{\"@type\":\"ReadAction\",\"target\":[\"https:\\\/\\\/c2c.ngo\\\/en\\\/dominik-markward\\\/\"]}]},{\"@type\":\"ImageObject\",\"inLanguage\":\"en-US\",\"@id\":\"https:\\\/\\\/c2c.ngo\\\/en\\\/dominik-markward\\\/#primaryimage\",\"url\":\"https:\\\/\\\/c2c.ngo\\\/wp-content\\\/uploads\\\/2021\\\/07\\\/ImpactPartner-10.png\",\"contentUrl\":\"https:\\\/\\\/c2c.ngo\\\/wp-content\\\/uploads\\\/2021\\\/07\\\/ImpactPartner-10.png\",\"width\":171,\"height\":171,\"caption\":\"Become an Icon Impact Partner with Cradle to Cradle NGO, hands intertwined\"},{\"@type\":\"BreadcrumbList\",\"@id\":\"https:\\\/\\\/c2c.ngo\\\/en\\\/dominik-markward\\\/#breadcrumb\",\"itemListElement\":[{\"@type\":\"ListItem\",\"position\":1,\"name\":\"Startseite\",\"item\":\"https:\\\/\\\/c2c.ngo\\\/en\\\/homepage\\\/\"},{\"@type\":\"ListItem\",\"position\":2,\"name\":\"Dominik Markward\"}]},{\"@type\":\"WebSite\",\"@id\":\"https:\\\/\\\/c2c.ngo\\\/en\\\/#website\",\"url\":\"https:\\\/\\\/c2c.ngo\\\/en\\\/\",\"name\":\"Cradle to Cradle NGO\",\"description\":\"\",\"publisher\":{\"@id\":\"https:\\\/\\\/c2c.ngo\\\/en\\\/#organization\"},\"alternateName\":\"C2C NGO\",\"potentialAction\":[{\"@type\":\"SearchAction\",\"target\":{\"@type\":\"EntryPoint\",\"urlTemplate\":\"https:\\\/\\\/c2c.ngo\\\/en\\\/?s={search_term_string}\"},\"query-input\":{\"@type\":\"PropertyValueSpecification\",\"valueRequired\":true,\"valueName\":\"search_term_string\"}}],\"inLanguage\":\"en-US\"},{\"@type\":\"Organization\",\"@id\":\"https:\\\/\\\/c2c.ngo\\\/en\\\/#organization\",\"name\":\"Cradle to Cradle NGO\",\"url\":\"https:\\\/\\\/c2c.ngo\\\/en\\\/\",\"logo\":{\"@type\":\"ImageObject\",\"inLanguage\":\"en-US\",\"@id\":\"https:\\\/\\\/c2c.ngo\\\/en\\\/#\\\/schema\\\/logo\\\/image\\\/\",\"url\":\"https:\\\/\\\/c2c.ngo\\\/wp-content\\\/uploads\\\/2020\\\/11\\\/C2C-NGO-LOGO-zentriert_web_klein.png\",\"contentUrl\":\"https:\\\/\\\/c2c.ngo\\\/wp-content\\\/uploads\\\/2020\\\/11\\\/C2C-NGO-LOGO-zentriert_web_klein.png\",\"width\":354,\"height\":158,\"caption\":\"Cradle to Cradle NGO\"},\"image\":{\"@id\":\"https:\\\/\\\/c2c.ngo\\\/en\\\/#\\\/schema\\\/logo\\\/image\\\/\"},\"sameAs\":[\"https:\\\/\\\/www.facebook.com\\\/C2C.eV\",\"https:\\\/\\\/x.com\\\/C2C_NGO\",\"https:\\\/\\\/www.instagram.com\\\/cradletocradle.ngo\\\/\",\"https:\\\/\\\/www.linkedin.com\\\/company\\\/cradle-to-cradle-ngo\\\/mycompany\\\/?viewAsMember=true\",\"https:\\\/\\\/www.youtube.com\\\/channel\\\/UCLhQUfZi8w2f6efSaJohBsg\"]}]}<\/script>\n<!-- \/ Yoast SEO plugin. -->","yoast_head_json":{"title":"Dominik Markward - Cradle to Cradle NGO","description":"Here you can find my contact details. I look forward to hearing from you!","robots":{"index":"index","follow":"follow","max-snippet":"max-snippet:-1","max-image-preview":"max-image-preview:large","max-video-preview":"max-video-preview:-1"},"canonical":"https:\/\/c2c.ngo\/en\/dominik-markward\/","og_locale":"en_US","og_type":"article","og_title":"Dominik Markward - Cradle to Cradle NGO","og_description":"Here you can find my contact details. I look forward to hearing from you!","og_url":"https:\/\/c2c.ngo\/en\/dominik-markward\/","og_site_name":"Cradle to Cradle NGO","article_publisher":"https:\/\/www.facebook.com\/C2C.eV","article_modified_time":"2023-07-27T14:20:39+00:00","og_image":[{"width":171,"height":171,"url":"https:\/\/c2c.ngo\/wp-content\/uploads\/2021\/07\/ImpactPartner-10.png","type":"image\/png"}],"twitter_card":"summary_large_image","twitter_site":"@C2C_NGO","schema":{"@context":"https:\/\/schema.org","@graph":[{"@type":"WebPage","@id":"https:\/\/c2c.ngo\/en\/dominik-markward\/","url":"https:\/\/c2c.ngo\/en\/dominik-markward\/","name":"Dominik Markward - Cradle to Cradle NGO","isPartOf":{"@id":"https:\/\/c2c.ngo\/en\/#website"},"primaryImageOfPage":{"@id":"https:\/\/c2c.ngo\/en\/dominik-markward\/#primaryimage"},"image":{"@id":"https:\/\/c2c.ngo\/en\/dominik-markward\/#primaryimage"},"thumbnailUrl":"https:\/\/c2c.ngo\/wp-content\/uploads\/2021\/07\/ImpactPartner-10.png","datePublished":"2022-12-09T12:41:47+00:00","dateModified":"2023-07-27T14:20:39+00:00","description":"Here you can find my contact details. I look forward to hearing from you!","breadcrumb":{"@id":"https:\/\/c2c.ngo\/en\/dominik-markward\/#breadcrumb"},"inLanguage":"en-US","potentialAction":[{"@type":"ReadAction","target":["https:\/\/c2c.ngo\/en\/dominik-markward\/"]}]},{"@type":"ImageObject","inLanguage":"en-US","@id":"https:\/\/c2c.ngo\/en\/dominik-markward\/#primaryimage","url":"https:\/\/c2c.ngo\/wp-content\/uploads\/2021\/07\/ImpactPartner-10.png","contentUrl":"https:\/\/c2c.ngo\/wp-content\/uploads\/2021\/07\/ImpactPartner-10.png","width":171,"height":171,"caption":"Become an Icon Impact Partner with Cradle to Cradle NGO, hands intertwined"},{"@type":"BreadcrumbList","@id":"https:\/\/c2c.ngo\/en\/dominik-markward\/#breadcrumb","itemListElement":[{"@type":"ListItem","position":1,"name":"Startseite","item":"https:\/\/c2c.ngo\/en\/homepage\/"},{"@type":"ListItem","position":2,"name":"Dominik Markward"}]},{"@type":"WebSite","@id":"https:\/\/c2c.ngo\/en\/#website","url":"https:\/\/c2c.ngo\/en\/","name":"Cradle to Cradle NGO","description":"","publisher":{"@id":"https:\/\/c2c.ngo\/en\/#organization"},"alternateName":"C2C NGO","potentialAction":[{"@type":"SearchAction","target":{"@type":"EntryPoint","urlTemplate":"https:\/\/c2c.ngo\/en\/?s={search_term_string}"},"query-input":{"@type":"PropertyValueSpecification","valueRequired":true,"valueName":"search_term_string"}}],"inLanguage":"en-US"},{"@type":"Organization","@id":"https:\/\/c2c.ngo\/en\/#organization","name":"Cradle to Cradle NGO","url":"https:\/\/c2c.ngo\/en\/","logo":{"@type":"ImageObject","inLanguage":"en-US","@id":"https:\/\/c2c.ngo\/en\/#\/schema\/logo\/image\/","url":"https:\/\/c2c.ngo\/wp-content\/uploads\/2020\/11\/C2C-NGO-LOGO-zentriert_web_klein.png","contentUrl":"https:\/\/c2c.ngo\/wp-content\/uploads\/2020\/11\/C2C-NGO-LOGO-zentriert_web_klein.png","width":354,"height":158,"caption":"Cradle to Cradle NGO"},"image":{"@id":"https:\/\/c2c.ngo\/en\/#\/schema\/logo\/image\/"},"sameAs":["https:\/\/www.facebook.com\/C2C.eV","https:\/\/x.com\/C2C_NGO","https:\/\/www.instagram.com\/cradletocradle.ngo\/","https:\/\/www.linkedin.com\/company\/cradle-to-cradle-ngo\/mycompany\/?viewAsMember=true","https:\/\/www.youtube.com\/channel\/UCLhQUfZi8w2f6efSaJohBsg"]}]}},"_links":{"self":[{"href":"https:\/\/c2c.ngo\/en\/wp-json\/wp\/v2\/pages\/226698","targetHints":{"allow":["GET"]}}],"collection":[{"href":"https:\/\/c2c.ngo\/en\/wp-json\/wp\/v2\/pages"}],"about":[{"href":"https:\/\/c2c.ngo\/en\/wp-json\/wp\/v2\/types\/page"}],"author":[{"embeddable":true,"href":"https:\/\/c2c.ngo\/en\/wp-json\/wp\/v2\/users\/4"}],"replies":[{"embeddable":true,"href":"https:\/\/c2c.ngo\/en\/wp-json\/wp\/v2\/comments?post=226698"}],"version-history":[{"count":0,"href":"https:\/\/c2c.ngo\/en\/wp-json\/wp\/v2\/pages\/226698\/revisions"}],"wp:featuredmedia":[{"embeddable":true,"href":"https:\/\/c2c.ngo\/en\/wp-json\/wp\/v2\/media\/214787"}],"wp:attachment":[{"href":"https:\/\/c2c.ngo\/en\/wp-json\/wp\/v2\/media?parent=226698"}],"curies":[{"name":"wp","href":"https:\/\/api.w.org\/{rel}","templated":true}]}}