{"id":226642,"date":"2022-12-20T13:43:55","date_gmt":"2022-12-20T12:43:55","guid":{"rendered":"https:\/\/c2c.ngo\/juliane-thiele\/"},"modified":"2023-03-20T13:44:52","modified_gmt":"2023-03-20T12:44:52","slug":"juliane-thiele","status":"publish","type":"page","link":"https:\/\/c2c.ngo\/en\/juliane-thiele\/","title":{"rendered":"Juliane Thiele"},"content":{"rendered":"\t\t<div data-elementor-type=\"wp-page\" data-elementor-id=\"226642\" class=\"elementor elementor-226642 elementor-225687\" data-elementor-post-type=\"page\">\n\t\t\t\t\t\t<section class=\"elementor-section elementor-top-section elementor-element elementor-element-d555219 elementor-section-boxed elementor-section-height-default elementor-section-height-default\" data-id=\"d555219\" data-element_type=\"section\" data-e-type=\"section\" data-settings=\"{&quot;background_background&quot;:&quot;classic&quot;}\">\n\t\t\t\t\t\t<div class=\"elementor-container elementor-column-gap-default\">\n\t\t\t\t\t<div class=\"elementor-column elementor-col-100 elementor-top-column elementor-element elementor-element-265bb24\" data-id=\"265bb24\" data-element_type=\"column\" data-e-type=\"column\">\n\t\t\t<div class=\"elementor-widget-wrap\">\n\t\t\t\t\t\t\t<\/div>\n\t\t<\/div>\n\t\t\t\t\t<\/div>\n\t\t<\/section>\n\t\t\t\t<section class=\"elementor-section elementor-top-section elementor-element elementor-element-45f7c0a elementor-section-boxed elementor-section-height-default elementor-section-height-default\" data-id=\"45f7c0a\" data-element_type=\"section\" data-e-type=\"section\">\n\t\t\t\t\t\t<div class=\"elementor-container elementor-column-gap-default\">\n\t\t\t\t\t<div class=\"elementor-column elementor-col-100 elementor-top-column elementor-element elementor-element-9152fa4\" data-id=\"9152fa4\" data-element_type=\"column\" data-e-type=\"column\">\n\t\t\t<div class=\"elementor-widget-wrap elementor-element-populated\">\n\t\t\t\t\t\t<div class=\"elementor-element elementor-element-b012ada elementor-widget elementor-widget-image\" data-id=\"b012ada\" data-element_type=\"widget\" data-e-type=\"widget\" data-widget_type=\"image.default\">\n\t\t\t\t<div class=\"elementor-widget-container\">\n\t\t\t\t\t\t\t\t\t\t\t\t\t\t\t\t<a href=\"https:\/\/c2c.ngo\/en\/\" target=\"_blank\">\n\t\t\t\t\t\t\t<img decoding=\"async\" width=\"300\" height=\"134\" src=\"https:\/\/c2c.ngo\/wp-content\/uploads\/2020\/11\/C2C-NGO-LOGO-zentriert_web_klein-300x134.png\" class=\"attachment-medium size-medium wp-image-214119\" alt=\"Logo t\u00fcrkis rot, C2C Cradle to Cradle NGO\" srcset=\"https:\/\/c2c.ngo\/wp-content\/uploads\/2020\/11\/C2C-NGO-LOGO-zentriert_web_klein-300x134.png 300w, https:\/\/c2c.ngo\/wp-content\/uploads\/2020\/11\/C2C-NGO-LOGO-zentriert_web_klein.png 354w\" sizes=\"(max-width: 300px) 100vw, 300px\" \/>\t\t\t\t\t\t\t\t<\/a>\n\t\t\t\t\t\t\t\t\t\t\t\t\t\t\t<\/div>\n\t\t\t\t<\/div>\n\t\t\t\t\t<\/div>\n\t\t<\/div>\n\t\t\t\t\t<\/div>\n\t\t<\/section>\n\t\t\t\t<section class=\"elementor-section elementor-top-section elementor-element elementor-element-8b49bc5 elementor-section-boxed elementor-section-height-default elementor-section-height-default\" data-id=\"8b49bc5\" data-element_type=\"section\" data-e-type=\"section\">\n\t\t\t\t\t\t<div class=\"elementor-container elementor-column-gap-default\">\n\t\t\t\t\t<div class=\"elementor-column elementor-col-100 elementor-top-column elementor-element elementor-element-8178a64\" data-id=\"8178a64\" data-element_type=\"column\" data-e-type=\"column\">\n\t\t\t<div class=\"elementor-widget-wrap elementor-element-populated\">\n\t\t\t\t\t\t<section class=\"elementor-section elementor-inner-section elementor-element elementor-element-43b722c elementor-section-height-min-height elementor-section-boxed elementor-section-height-default\" data-id=\"43b722c\" data-element_type=\"section\" data-e-type=\"section\">\n\t\t\t\t\t\t<div class=\"elementor-container elementor-column-gap-default\">\n\t\t\t\t\t<div class=\"elementor-column elementor-col-25 elementor-inner-column elementor-element elementor-element-87fa97a elementor-hidden-mobile\" data-id=\"87fa97a\" data-element_type=\"column\" data-e-type=\"column\">\n\t\t\t<div class=\"elementor-widget-wrap\">\n\t\t\t\t\t\t\t<\/div>\n\t\t<\/div>\n\t\t\t\t<div class=\"elementor-column elementor-col-25 elementor-inner-column elementor-element elementor-element-ffae43d\" data-id=\"ffae43d\" data-element_type=\"column\" data-e-type=\"column\">\n\t\t\t<div class=\"elementor-widget-wrap elementor-element-populated\">\n\t\t\t\t\t\t<div class=\"elementor-element elementor-element-91b662c elementor-widget elementor-widget-image\" data-id=\"91b662c\" data-element_type=\"widget\" data-e-type=\"widget\" data-widget_type=\"image.default\">\n\t\t\t\t<div class=\"elementor-widget-container\">\n\t\t\t\t\t\t\t\t\t\t\t\t\t\t\t<img decoding=\"async\" src=\"https:\/\/c2c.ngo\/wp-content\/uploads\/2022\/06\/Juliane_Thile_rund_web-1.png\" title=\"\" alt=\"Juliane Thiele, braune mittellange Haare, schwarze Brille, l\u00e4chelnd, blaues Shirt mit wei\u00dfen V\u00f6geln\" loading=\"lazy\" \/>\t\t\t\t\t\t\t\t\t\t\t\t\t\t\t<\/div>\n\t\t\t\t<\/div>\n\t\t\t\t\t<\/div>\n\t\t<\/div>\n\t\t\t\t<div class=\"elementor-column elementor-col-25 elementor-inner-column elementor-element elementor-element-0fbfcc0\" data-id=\"0fbfcc0\" data-element_type=\"column\" data-e-type=\"column\" data-settings=\"{&quot;background_background&quot;:&quot;classic&quot;}\">\n\t\t\t<div class=\"elementor-widget-wrap elementor-element-populated\">\n\t\t\t\t\t\t<div class=\"elementor-element elementor-element-774eb0f elementor-widget elementor-widget-text-editor\" data-id=\"774eb0f\" data-element_type=\"widget\" data-e-type=\"widget\" data-widget_type=\"text-editor.default\">\n\t\t\t\t<div class=\"elementor-widget-container\">\n\t\t\t\t\t\t\t\t\t<p><strong>Juliane Thiele<br \/><\/strong><\/p>\n<p>Municipal Development <\/p>\n<\/p>\n<p>juliane.thiele[at]c2c.ngo<\/p>\n<p>+49 (0) 30 4677 4780<\/p>\n<\/p>\n<p><strong>Cradle to Cradle NGO<\/strong><br \/>Head Office<br \/>Landsberger Allee 99c<br \/>10407 Berlin<\/p>\n\t\t\t\t\t\t\t\t<\/div>\n\t\t\t\t<\/div>\n\t\t\t\t<div class=\"elementor-element elementor-element-d7f1f0f elementor-widget elementor-widget-button\" data-id=\"d7f1f0f\" data-element_type=\"widget\" data-e-type=\"widget\" data-widget_type=\"button.default\">\n\t\t\t\t<div class=\"elementor-widget-container\">\n\t\t\t\t\t\t\t\t\t<div class=\"elementor-button-wrapper\">\n\t\t\t\t\t<a class=\"elementor-button elementor-button-link elementor-size-sm\" href=\"https:\/\/c2c.ngo\/wp-content\/uploads\/2022\/12\/Juliane-Thiele-.vcf\">\n\t\t\t\t\t\t<span class=\"elementor-button-content-wrapper\">\n\t\t\t\t\t\t\t\t\t<span class=\"elementor-button-text\">Download vCard<\/span>\n\t\t\t\t\t<\/span>\n\t\t\t\t\t<\/a>\n\t\t\t\t<\/div>\n\t\t\t\t\t\t\t\t<\/div>\n\t\t\t\t<\/div>\n\t\t\t\t\t<\/div>\n\t\t<\/div>\n\t\t\t\t<div class=\"elementor-column elementor-col-25 elementor-inner-column elementor-element elementor-element-941f5f8\" data-id=\"941f5f8\" data-element_type=\"column\" data-e-type=\"column\" data-settings=\"{&quot;background_background&quot;:&quot;classic&quot;}\">\n\t\t\t<div class=\"elementor-widget-wrap\">\n\t\t\t\t\t\t\t<\/div>\n\t\t<\/div>\n\t\t\t\t\t<\/div>\n\t\t<\/section>\n\t\t\t\t\t<\/div>\n\t\t<\/div>\n\t\t\t\t\t<\/div>\n\t\t<\/section>\n\t\t\t\t<\/div>\n\t\t","protected":false},"excerpt":{"rendered":"<p>Juliane Thiele Municipal Development juliane.thiele[at]c2c.ngo +49 (0) 30 4677 4780 Cradle to Cradle NGOHead OfficeLandsberger Allee 99c10407 Berlin Download vCard<\/p>\n","protected":false},"author":1,"featured_media":215615,"parent":0,"menu_order":0,"comment_status":"closed","ping_status":"closed","template":"elementor_canvas","meta":{"footnotes":""},"class_list":["post-226642","page","type-page","status-publish","has-post-thumbnail","hentry"],"yoast_head":"<!-- This site is optimized with the Yoast SEO plugin v27.4 - https:\/\/yoast.com\/product\/yoast-seo-wordpress\/ -->\n<title>Juliane Thiele - Cradle to Cradle NGO<\/title>\n<meta name=\"description\" content=\"Here you can find my contact details. I look forward to hearing from you!\" \/>\n<meta name=\"robots\" content=\"index, follow, max-snippet:-1, max-image-preview:large, max-video-preview:-1\" \/>\n<link rel=\"canonical\" href=\"https:\/\/c2c.ngo\/en\/juliane-thiele\/\" \/>\n<meta property=\"og:locale\" content=\"en_US\" \/>\n<meta property=\"og:type\" content=\"article\" \/>\n<meta property=\"og:title\" content=\"Juliane Thiele - Cradle to Cradle NGO\" \/>\n<meta property=\"og:description\" content=\"Here you can find my contact details. I look forward to hearing from you!\" \/>\n<meta property=\"og:url\" content=\"https:\/\/c2c.ngo\/en\/juliane-thiele\/\" \/>\n<meta property=\"og:site_name\" content=\"Cradle to Cradle NGO\" \/>\n<meta property=\"article:publisher\" content=\"https:\/\/www.facebook.com\/C2C.eV\" \/>\n<meta property=\"article:modified_time\" content=\"2023-03-20T12:44:52+00:00\" \/>\n<meta property=\"og:image\" content=\"https:\/\/c2c.ngo\/wp-content\/uploads\/2022\/02\/C2C-NGO-LOGO-zentriert_quadartisch__weiss_web-05.png\" \/>\n\t<meta property=\"og:image:width\" content=\"300\" \/>\n\t<meta property=\"og:image:height\" content=\"300\" \/>\n\t<meta property=\"og:image:type\" content=\"image\/png\" \/>\n<meta name=\"twitter:card\" content=\"summary_large_image\" \/>\n<meta name=\"twitter:site\" content=\"@C2C_NGO\" \/>\n<script type=\"application\/ld+json\" class=\"yoast-schema-graph\">{\"@context\":\"https:\\\/\\\/schema.org\",\"@graph\":[{\"@type\":\"WebPage\",\"@id\":\"https:\\\/\\\/c2c.ngo\\\/en\\\/juliane-thiele\\\/\",\"url\":\"https:\\\/\\\/c2c.ngo\\\/en\\\/juliane-thiele\\\/\",\"name\":\"Juliane Thiele - Cradle to Cradle NGO\",\"isPartOf\":{\"@id\":\"https:\\\/\\\/c2c.ngo\\\/en\\\/#website\"},\"primaryImageOfPage\":{\"@id\":\"https:\\\/\\\/c2c.ngo\\\/en\\\/juliane-thiele\\\/#primaryimage\"},\"image\":{\"@id\":\"https:\\\/\\\/c2c.ngo\\\/en\\\/juliane-thiele\\\/#primaryimage\"},\"thumbnailUrl\":\"https:\\\/\\\/c2c.ngo\\\/wp-content\\\/uploads\\\/2022\\\/02\\\/C2C-NGO-LOGO-zentriert_quadartisch__weiss_web-05.png\",\"datePublished\":\"2022-12-20T12:43:55+00:00\",\"dateModified\":\"2023-03-20T12:44:52+00:00\",\"description\":\"Here you can find my contact details. I look forward to hearing from you!\",\"breadcrumb\":{\"@id\":\"https:\\\/\\\/c2c.ngo\\\/en\\\/juliane-thiele\\\/#breadcrumb\"},\"inLanguage\":\"en-US\",\"potentialAction\":[{\"@type\":\"ReadAction\",\"target\":[\"https:\\\/\\\/c2c.ngo\\\/en\\\/juliane-thiele\\\/\"]}]},{\"@type\":\"ImageObject\",\"inLanguage\":\"en-US\",\"@id\":\"https:\\\/\\\/c2c.ngo\\\/en\\\/juliane-thiele\\\/#primaryimage\",\"url\":\"https:\\\/\\\/c2c.ngo\\\/wp-content\\\/uploads\\\/2022\\\/02\\\/C2C-NGO-LOGO-zentriert_quadartisch__weiss_web-05.png\",\"contentUrl\":\"https:\\\/\\\/c2c.ngo\\\/wp-content\\\/uploads\\\/2022\\\/02\\\/C2C-NGO-LOGO-zentriert_quadartisch__weiss_web-05.png\",\"width\":300,\"height\":300},{\"@type\":\"BreadcrumbList\",\"@id\":\"https:\\\/\\\/c2c.ngo\\\/en\\\/juliane-thiele\\\/#breadcrumb\",\"itemListElement\":[{\"@type\":\"ListItem\",\"position\":1,\"name\":\"Startseite\",\"item\":\"https:\\\/\\\/c2c.ngo\\\/en\\\/homepage\\\/\"},{\"@type\":\"ListItem\",\"position\":2,\"name\":\"Juliane Thiele\"}]},{\"@type\":\"WebSite\",\"@id\":\"https:\\\/\\\/c2c.ngo\\\/en\\\/#website\",\"url\":\"https:\\\/\\\/c2c.ngo\\\/en\\\/\",\"name\":\"Cradle to Cradle NGO\",\"description\":\"\",\"publisher\":{\"@id\":\"https:\\\/\\\/c2c.ngo\\\/en\\\/#organization\"},\"alternateName\":\"C2C NGO\",\"potentialAction\":[{\"@type\":\"SearchAction\",\"target\":{\"@type\":\"EntryPoint\",\"urlTemplate\":\"https:\\\/\\\/c2c.ngo\\\/en\\\/?s={search_term_string}\"},\"query-input\":{\"@type\":\"PropertyValueSpecification\",\"valueRequired\":true,\"valueName\":\"search_term_string\"}}],\"inLanguage\":\"en-US\"},{\"@type\":\"Organization\",\"@id\":\"https:\\\/\\\/c2c.ngo\\\/en\\\/#organization\",\"name\":\"Cradle to Cradle NGO\",\"url\":\"https:\\\/\\\/c2c.ngo\\\/en\\\/\",\"logo\":{\"@type\":\"ImageObject\",\"inLanguage\":\"en-US\",\"@id\":\"https:\\\/\\\/c2c.ngo\\\/en\\\/#\\\/schema\\\/logo\\\/image\\\/\",\"url\":\"https:\\\/\\\/c2c.ngo\\\/wp-content\\\/uploads\\\/2020\\\/11\\\/C2C-NGO-LOGO-zentriert_web_klein.png\",\"contentUrl\":\"https:\\\/\\\/c2c.ngo\\\/wp-content\\\/uploads\\\/2020\\\/11\\\/C2C-NGO-LOGO-zentriert_web_klein.png\",\"width\":354,\"height\":158,\"caption\":\"Cradle to Cradle NGO\"},\"image\":{\"@id\":\"https:\\\/\\\/c2c.ngo\\\/en\\\/#\\\/schema\\\/logo\\\/image\\\/\"},\"sameAs\":[\"https:\\\/\\\/www.facebook.com\\\/C2C.eV\",\"https:\\\/\\\/x.com\\\/C2C_NGO\",\"https:\\\/\\\/www.instagram.com\\\/cradletocradle.ngo\\\/\",\"https:\\\/\\\/www.linkedin.com\\\/company\\\/cradle-to-cradle-ngo\\\/mycompany\\\/?viewAsMember=true\",\"https:\\\/\\\/www.youtube.com\\\/channel\\\/UCLhQUfZi8w2f6efSaJohBsg\"]}]}<\/script>\n<!-- \/ Yoast SEO plugin. -->","yoast_head_json":{"title":"Juliane Thiele - Cradle to Cradle NGO","description":"Here you can find my contact details. I look forward to hearing from you!","robots":{"index":"index","follow":"follow","max-snippet":"max-snippet:-1","max-image-preview":"max-image-preview:large","max-video-preview":"max-video-preview:-1"},"canonical":"https:\/\/c2c.ngo\/en\/juliane-thiele\/","og_locale":"en_US","og_type":"article","og_title":"Juliane Thiele - Cradle to Cradle NGO","og_description":"Here you can find my contact details. I look forward to hearing from you!","og_url":"https:\/\/c2c.ngo\/en\/juliane-thiele\/","og_site_name":"Cradle to Cradle NGO","article_publisher":"https:\/\/www.facebook.com\/C2C.eV","article_modified_time":"2023-03-20T12:44:52+00:00","og_image":[{"width":300,"height":300,"url":"https:\/\/c2c.ngo\/wp-content\/uploads\/2022\/02\/C2C-NGO-LOGO-zentriert_quadartisch__weiss_web-05.png","type":"image\/png"}],"twitter_card":"summary_large_image","twitter_site":"@C2C_NGO","schema":{"@context":"https:\/\/schema.org","@graph":[{"@type":"WebPage","@id":"https:\/\/c2c.ngo\/en\/juliane-thiele\/","url":"https:\/\/c2c.ngo\/en\/juliane-thiele\/","name":"Juliane Thiele - Cradle to Cradle NGO","isPartOf":{"@id":"https:\/\/c2c.ngo\/en\/#website"},"primaryImageOfPage":{"@id":"https:\/\/c2c.ngo\/en\/juliane-thiele\/#primaryimage"},"image":{"@id":"https:\/\/c2c.ngo\/en\/juliane-thiele\/#primaryimage"},"thumbnailUrl":"https:\/\/c2c.ngo\/wp-content\/uploads\/2022\/02\/C2C-NGO-LOGO-zentriert_quadartisch__weiss_web-05.png","datePublished":"2022-12-20T12:43:55+00:00","dateModified":"2023-03-20T12:44:52+00:00","description":"Here you can find my contact details. I look forward to hearing from you!","breadcrumb":{"@id":"https:\/\/c2c.ngo\/en\/juliane-thiele\/#breadcrumb"},"inLanguage":"en-US","potentialAction":[{"@type":"ReadAction","target":["https:\/\/c2c.ngo\/en\/juliane-thiele\/"]}]},{"@type":"ImageObject","inLanguage":"en-US","@id":"https:\/\/c2c.ngo\/en\/juliane-thiele\/#primaryimage","url":"https:\/\/c2c.ngo\/wp-content\/uploads\/2022\/02\/C2C-NGO-LOGO-zentriert_quadartisch__weiss_web-05.png","contentUrl":"https:\/\/c2c.ngo\/wp-content\/uploads\/2022\/02\/C2C-NGO-LOGO-zentriert_quadartisch__weiss_web-05.png","width":300,"height":300},{"@type":"BreadcrumbList","@id":"https:\/\/c2c.ngo\/en\/juliane-thiele\/#breadcrumb","itemListElement":[{"@type":"ListItem","position":1,"name":"Startseite","item":"https:\/\/c2c.ngo\/en\/homepage\/"},{"@type":"ListItem","position":2,"name":"Juliane Thiele"}]},{"@type":"WebSite","@id":"https:\/\/c2c.ngo\/en\/#website","url":"https:\/\/c2c.ngo\/en\/","name":"Cradle to Cradle NGO","description":"","publisher":{"@id":"https:\/\/c2c.ngo\/en\/#organization"},"alternateName":"C2C NGO","potentialAction":[{"@type":"SearchAction","target":{"@type":"EntryPoint","urlTemplate":"https:\/\/c2c.ngo\/en\/?s={search_term_string}"},"query-input":{"@type":"PropertyValueSpecification","valueRequired":true,"valueName":"search_term_string"}}],"inLanguage":"en-US"},{"@type":"Organization","@id":"https:\/\/c2c.ngo\/en\/#organization","name":"Cradle to Cradle NGO","url":"https:\/\/c2c.ngo\/en\/","logo":{"@type":"ImageObject","inLanguage":"en-US","@id":"https:\/\/c2c.ngo\/en\/#\/schema\/logo\/image\/","url":"https:\/\/c2c.ngo\/wp-content\/uploads\/2020\/11\/C2C-NGO-LOGO-zentriert_web_klein.png","contentUrl":"https:\/\/c2c.ngo\/wp-content\/uploads\/2020\/11\/C2C-NGO-LOGO-zentriert_web_klein.png","width":354,"height":158,"caption":"Cradle to Cradle NGO"},"image":{"@id":"https:\/\/c2c.ngo\/en\/#\/schema\/logo\/image\/"},"sameAs":["https:\/\/www.facebook.com\/C2C.eV","https:\/\/x.com\/C2C_NGO","https:\/\/www.instagram.com\/cradletocradle.ngo\/","https:\/\/www.linkedin.com\/company\/cradle-to-cradle-ngo\/mycompany\/?viewAsMember=true","https:\/\/www.youtube.com\/channel\/UCLhQUfZi8w2f6efSaJohBsg"]}]}},"_links":{"self":[{"href":"https:\/\/c2c.ngo\/en\/wp-json\/wp\/v2\/pages\/226642","targetHints":{"allow":["GET"]}}],"collection":[{"href":"https:\/\/c2c.ngo\/en\/wp-json\/wp\/v2\/pages"}],"about":[{"href":"https:\/\/c2c.ngo\/en\/wp-json\/wp\/v2\/types\/page"}],"author":[{"embeddable":true,"href":"https:\/\/c2c.ngo\/en\/wp-json\/wp\/v2\/users\/1"}],"replies":[{"embeddable":true,"href":"https:\/\/c2c.ngo\/en\/wp-json\/wp\/v2\/comments?post=226642"}],"version-history":[{"count":0,"href":"https:\/\/c2c.ngo\/en\/wp-json\/wp\/v2\/pages\/226642\/revisions"}],"wp:featuredmedia":[{"embeddable":true,"href":"https:\/\/c2c.ngo\/en\/wp-json\/wp\/v2\/media\/215615"}],"wp:attachment":[{"href":"https:\/\/c2c.ngo\/en\/wp-json\/wp\/v2\/media?parent=226642"}],"curies":[{"name":"wp","href":"https:\/\/api.w.org\/{rel}","templated":true}]}}